{"id":9579,"date":"2023-12-29T09:31:41","date_gmt":"2023-12-29T08:31:41","guid":{"rendered":"https:\/\/hl-dizajn.hr\/?page_id=9579"},"modified":"2024-02-19T19:15:57","modified_gmt":"2024-02-19T18:15:57","slug":"zakoni-i-propisi","status":"publish","type":"page","link":"https:\/\/hl-dizajn.hr\/en\/zakoni-i-propisi\/","title":{"rendered":"Laws and regulations"},"content":{"rendered":"<div data-elementor-type=\"wp-page\" data-elementor-id=\"9579\" class=\"elementor elementor-9579\">\n\t\t\t\t<div class=\"elementor-element elementor-element-2f92f67 e-flex e-con-boxed e-con e-parent\" data-id=\"2f92f67\" data-element_type=\"container\" data-e-type=\"container\">\n\t\t\t\t\t<div class=\"e-con-inner\">\n\t\t\t\t<div class=\"elementor-element elementor-element-ffce682 elementor-widget elementor-widget-heading\" data-id=\"ffce682\" data-element_type=\"widget\" data-e-type=\"widget\" data-widget_type=\"heading.default\">\n\t\t\t\t<div class=\"elementor-widget-container\">\n\t\t\t\t\t<h2 class=\"elementor-heading-title elementor-size-default\">Laws and regulations<\/h2>\t\t\t\t<\/div>\n\t\t\t\t<\/div>\n\t\t\t\t<div class=\"elementor-element elementor-element-c9cdf70 elementor-widget elementor-widget-text-editor\" data-id=\"c9cdf70\" data-element_type=\"widget\" data-e-type=\"widget\" data-widget_type=\"text-editor.default\">\n\t\t\t\t<div class=\"elementor-widget-container\">\n\t\t\t\t\t\t\t\t\t<p>ME\u0110UNARODNI DOKUMENTI<\/p><ul class=\"sizeable\"><li class=\"sizeable\"><a class=\"sizeable\" href=\"http:\/\/www.google.com\/\">\u200b<\/a><a class=\"sizeable\" href=\"http:\/\/posi.hr\/wp-content\/uploads\/2018\/02\/Zakon_o_Konvenciji__o_pravima_OSI.pdf\" target=\"_blank\" rel=\"noopener\">UN Konvencija o pravima osoba s invaliditetom i Fakultativni protokol uz Konvenciju o pravima osoba s invaliditetom<\/a><\/li><li class=\"sizeable\"><a class=\"sizeable\" href=\"http:\/\/www.unicef.hr\/wp-content\/uploads\/2017\/05\/Konvencija_20o_20pravima_20djeteta_full.pdf\">UN Konvencija o pravima djeteta<\/a><\/li><li class=\"sizeable\"><a class=\"sizeable\" href=\"https:\/\/www.uir-zagreb.hr\/images\/_old\/dokumenti\/akcijskiplanvijecaeurope_hr.pdf\" target=\"_blank\" rel=\"noopener\">Akcijski plan Vije\u0107a Europe za promicanje prava i potpunog sudjelovanja u dru\u0161tvu osoba s invaliditetom: pobolj\u0161anje kvalitete \u017eivota osoba s invaliditetom u Europi 2006. &#8211; 2015. usvojen 5. travnja 2006.<\/a><\/li><li class=\"sizeable\"><a class=\"sizeable\" href=\"https:\/\/ravnopravnost.gov.hr\/UserDocsImages\/arhiva\/preuzimanje\/biblioteka-ona\/UN%20Konvencija%20o%20uklanjanju%20svih%20oblika%20diskriminacije%20%C5%BEena%20i%20Zaklju%C4%8Dni%20komentari%20Odbora%20na%202.%20i%203.%20izvje%C5%A1%C4%87e%20RH.pdf\" target=\"_blank\" rel=\"noopener\">Konvencija o ukidanju svih oblika diskriminacije \u017eena (CEDAW), New York, 18. prosinca 1979.<\/a><\/li><li class=\"sizeable\"><a class=\"sizeable\" href=\"https:\/\/www.zakon.hr\/z\/364\/%28Europska%29-Konvencija-za-za%C5%A1titu-ljudskih-prava-i-temeljnih-sloboda\" target=\"_blank\" rel=\"noopener\">Europska Konvencija za za\u0161titu ljudskih prava i temeljnih sloboda s Protokolima 1., 4., 6., 7., i 11. ratificirana 05. studenog 1997<\/a>.<\/li><li class=\"sizeable\"><a class=\"sizeable\" href=\"https:\/\/narodne-novine.nn.hr\/clanci\/medunarodni\/2002_12_15_172.html\">Europska socijalna povelja, RH ratificirala 26. velja\u010de 2003.<\/a><\/li><li class=\"sizeable\"><a class=\"sizeable\" href=\"https:\/\/www.hsuir.hr\/Upload\/Dokumenti\/Standardna_pravila__1__20147394632.pdf\" target=\"_blank\" rel=\"noopener\">Standardna pravila o izjedna\u010davanju mogu\u0107nosti za osobe s invaliditetom<\/a>\u00a0(1993.)<\/li><\/ul><p class=\"sizeable\">NACIONALNI DOKUMENTI<\/p><ul class=\"sizeable\"><li class=\"sizeable\"><a class=\"sizeable\" href=\"https:\/\/narodne-novine.nn.hr\/clanci\/sluzbeni\/2017_04_42_967.html\">Nacionalna strategija izjedna\u010davanja mogu\u0107nosti za osobe s invaliditetom 2017. \u2013 2020.: \u201cNarodne novine\u201d, br. 42\/2017.<\/a><\/li><li class=\"sizeable\"><a class=\"sizeable\" href=\"http:\/\/posi.hr\/wp-content\/uploads\/2018\/02\/Posebno-izvje%C5%A1%C4%87e-Ureda-POSI-radi-podizanja-svijesti-o-primjeni-UN-Konvencije.pdf\">Podizanje svijesti o primjeni Konvencije o pravima osoba s invaliditetom \u2013 Posebno izvje\u0161\u0107e pravobraniteljice<\/a><\/li><\/ul><p class=\"sizeable\">ZAKONI<\/p><ul class=\"sizeable\"><li class=\"sizeable\"><a class=\"sizeable\" href=\"http:\/\/www.propisi.hr\/print.php?id=875\" target=\"_blank\" rel=\"noopener\">Zakon o obveznom zdravstvenom osiguranju<\/a><\/li><li class=\"sizeable\"><a class=\"sizeable\" href=\"http:\/\/www.hzzo-net.hr\/dload\/zakoni\/Z2_procisceni_tekst.pdf\" target=\"_blank\" rel=\"noopener\">Zakon o dobrovoljnom zdravstvenom osiguranju<\/a><\/li><li class=\"sizeable\"><a class=\"sizeable\" href=\"http:\/\/propisi.hr\/print.php?id=7695\" target=\"_blank\" rel=\"noopener\">Zakon o profesionalnoj rehabilitaciji i zapo\u0161ljavanju osoba s invaliditetom<\/a><\/li><li class=\"sizeable\"><a class=\"sizeable\" href=\"https:\/\/www.zakon.hr\/z\/91\/Zakon-o-mirovinskom-osiguranju\" target=\"_blank\" rel=\"noopener\">Zakon o mirovinskom osiguranju<\/a><\/li><li class=\"sizeable\"><a class=\"sizeable\" href=\"https:\/\/www.zakon.hr\/z\/88\/Obiteljski-zakon\" target=\"_blank\" rel=\"noopener\">Obiteljski zakon<\/a><\/li><li class=\"sizeable\"><a class=\"sizeable\" href=\"https:\/\/www.zakon.hr\/z\/222\/Zakon-o-socijalnoj-skrbi\">Zakon o socijalnoj skrbi<\/a><\/li><li class=\"sizeable\"><a class=\"sizeable\" href=\"https:\/\/www.zakon.hr\/z\/255\/Zakon-o-za%C5%A1titi-prava-pacijenata\">Zakon o za\u0161titi prava pacijenta<\/a><\/li><\/ul><p class=\"sizeable\">PRAVILNICI<\/p><ul class=\"sizeable\"><li class=\"sizeable\"><a class=\"sizeable\" href=\"https:\/\/narodne-novine.nn.hr\/clanci\/sluzbeni\/2013_06_78_1615.html\">Pravilnik o osiguranju pristupa\u010dnosti gra\u0111evina osobama s invaliditetom i smanjene pokretljivosti\u00a0<\/a><\/li><li class=\"sizeable\"><a class=\"sizeable\" href=\"https:\/\/narodne-novine.nn.hr\/clanci\/sluzbeni\/2012_01_7_183.html\">Pravilnik o ortopedskim i drugim pomagalima<\/a><\/li><\/ul>\t\t\t\t\t\t\t\t<\/div>\n\t\t\t\t<\/div>\n\t\t\t\t\t<\/div>\n\t\t\t\t<\/div>\n\t\t\t\t<section data-section-bgcolor=\"dark\" class=\"elementor-section elementor-top-section elementor-element elementor-element-13320c2d elementor-section-stretched elementor-section-boxed elementor-section-height-default elementor-section-height-default\" data-id=\"13320c2d\" data-element_type=\"section\" data-e-type=\"section\" data-settings=\"{&quot;background_background&quot;:&quot;classic&quot;,&quot;stretch_section&quot;:&quot;section-stretched&quot;}\">\n\t\t\t\t\t\t<div class=\"elementor-container elementor-column-gap-default\">\n\t\t\t\t\t<div class=\"elementor-column elementor-col-100 elementor-top-column elementor-element elementor-element-54e185e6\" data-id=\"54e185e6\" data-element_type=\"column\" data-e-type=\"column\">\n\t\t\t<div class=\"elementor-widget-wrap elementor-element-populated\">\n\t\t\t\t\t\t<section class=\"elementor-section elementor-inner-section elementor-element elementor-element-6c5185a1 elementor-section-boxed elementor-section-height-default elementor-section-height-default\" data-id=\"6c5185a1\" data-element_type=\"section\" data-e-type=\"section\">\n\t\t\t\t\t\t<div class=\"elementor-container elementor-column-gap-default\">\n\t\t\t\t\t<div class=\"elementor-column elementor-col-50 elementor-inner-column elementor-element elementor-element-154785e4\" data-id=\"154785e4\" data-element_type=\"column\" data-e-type=\"column\">\n\t\t\t<div class=\"elementor-widget-wrap elementor-element-populated\">\n\t\t\t\t\t\t<div class=\"elementor-element elementor-element-15f02270 elementor-widget elementor-widget-mo-heading-block\" data-id=\"15f02270\" data-element_type=\"widget\" data-e-type=\"widget\" data-widget_type=\"mo-heading-block.default\">\n\t\t\t\t<div class=\"elementor-widget-container\">\n\t\t\t\t\t<div class=\"mo-element-mo-heading-block mo-element\">   <div class=\"mo-title-box title-box-style-2 text-left\">\n      <div class=\"content-inner\">\n                     <h5 class=\"sub-title\" data-title=\"Sddh\"><span>Shddh<\/span><\/h5>\n           \n                     <h3 class=\"title\">Information and advice<\/h3>\n                        <\/div>\n   <\/div>\n   <div class=\"clearfix\"><\/div><\/div>\t\t\t\t<\/div>\n\t\t\t\t<\/div>\n\t\t\t\t\t<\/div>\n\t\t<\/div>\n\t\t\t\t<div class=\"elementor-column elementor-col-50 elementor-inner-column elementor-element elementor-element-113a2736\" data-id=\"113a2736\" data-element_type=\"column\" data-e-type=\"column\">\n\t\t\t<div class=\"elementor-widget-wrap elementor-element-populated\">\n\t\t\t\t\t\t<div class=\"elementor-element elementor-element-306bb476 elementor-widget elementor-widget-spacer\" data-id=\"306bb476\" data-element_type=\"widget\" data-e-type=\"widget\" data-widget_type=\"spacer.default\">\n\t\t\t\t<div class=\"elementor-widget-container\">\n\t\t\t\t\t\t\t<div class=\"elementor-spacer\">\n\t\t\t<div class=\"elementor-spacer-inner\"><\/div>\n\t\t<\/div>\n\t\t\t\t\t\t<\/div>\n\t\t\t\t<\/div>\n\t\t\t\t<div class=\"elementor-element elementor-element-5465fd41 elementor-widget elementor-widget-text-editor\" data-id=\"5465fd41\" data-element_type=\"widget\" data-e-type=\"widget\" data-widget_type=\"text-editor.default\">\n\t\t\t\t<div class=\"elementor-widget-container\">\n\t\t\t\t\t\t\t\t\t<p>You can find out all the important information and advice in a few mouse clicks<\/p>\t\t\t\t\t\t\t\t<\/div>\n\t\t\t\t<\/div>\n\t\t\t\t<div class=\"elementor-element elementor-element-2f99faa elementor-widget elementor-widget-mo-button\" data-id=\"2f99faa\" data-element_type=\"widget\" data-e-type=\"widget\" data-widget_type=\"mo-button.default\">\n\t\t\t\t<div class=\"elementor-widget-container\">\n\t\t\t\t\t<div class=\"mo-element-mo-button mo-element\"><div class=\"text-left\">\n\t<a class=\"button btn-txt medium button_none btn_icon_position_left text_left linear btn-txt-arrow3 bg_dark bg_hr_dark light hr_light outline_dark outline_hr_primary\"  href=\"https:\/\/hl-dizajn.hr\/pages\/kontakt\/\"   style=\"border-width:0px; \">\n\t\t<span class=\"mo_module_button__container\">\n\t\t\t<span class=\"mo_module_button__cover front\"><span class=\"mo_btn_text front\">Contact sddh<\/span><\/span>\n\t\t\t\t\t\t\t\t<\/span>\n\t<\/a>\n<\/div><\/div>\t\t\t\t<\/div>\n\t\t\t\t<\/div>\n\t\t\t\t\t<\/div>\n\t\t<\/div>\n\t\t\t\t\t<\/div>\n\t\t<\/section>\n\t\t\t\t\t<\/div>\n\t\t<\/div>\n\t\t\t\t\t<\/div>\n\t\t<\/section>\n\t\t\t\t<section class=\"elementor-section elementor-inner-section elementor-element elementor-element-56d2d347 elementor-section-boxed elementor-section-height-default elementor-section-height-default\" data-id=\"56d2d347\" data-element_type=\"section\" data-e-type=\"section\">\n\t\t\t\t\t\t<div class=\"elementor-container elementor-column-gap-default\">\n\t\t\t\t\t<div class=\"elementor-column elementor-col-33 elementor-inner-column elementor-element elementor-element-3c2c8cfe\" data-id=\"3c2c8cfe\" data-element_type=\"column\" data-e-type=\"column\">\n\t\t\t<div class=\"elementor-widget-wrap elementor-element-populated\">\n\t\t\t\t\t\t<div class=\"elementor-element elementor-element-494acfd6 elementor-widget elementor-widget-mo-image-box\" data-id=\"494acfd6\" data-element_type=\"widget\" data-e-type=\"widget\" data-widget_type=\"mo-image-box.default\">\n\t\t\t\t<div class=\"elementor-widget-container\">\n\t\t\t\t\t<div class=\"mo-element-mo-image-box mo-element\">\n  \n\n \n\n\n\n\n \n\n \n\n  <div class=\"image-box image-box-style6\">\n    <div class=\"thumb-service\">\n              <a href=\"https:\/\/hl-dizajn.hr\/info-centar\/\">\n          <img decoding=\"async\" src=\"https:\/\/hl-dizajn.hr\/wp-content\/uploads\/2023\/12\/info-centar-scaled.jpg\" alt=\"Info centar\" \/>        <\/a>\n                  <\/div>\n    <div class=\"title-wrap\">\n        \n      <h6>Info center<\/h6>      <div class=\"desc\">\n        <div class=\"content\"><\/div>\n      <\/div>\n              <a class=\"button btn-txt text_center btn-txt-arrow primary\" href=\"https:\/\/hl-dizajn.hr\/info-centar\/\"> <span class=\"mo_module_button__container\"><span class=\"mo_module_button__cover front\"><span class=\"mo_btn_text front\">Read..<\/span><\/span><svg class=\"svg-arrow\" xmlns=\"http:\/\/www.w3.org\/2000\/svg\" x=\"0\" y=\"0\" viewbox=\"0 0 11.9 11.9\" xml:space=\"preserve\"><path d=\"M.4 11.5 11.4.6M11.4 10V.5H1.9\"><\/path><path d=\"M.4 11.5 11.4.6M11.4 10V.5H1.9\"><\/path><\/svg><\/span><\/a>\n          <\/div>\n  <\/div>\n \n\n \n\n\n \n\n\n \n\n\n <\/div>\t\t\t\t<\/div>\n\t\t\t\t<\/div>\n\t\t\t\t\t<\/div>\n\t\t<\/div>\n\t\t\t\t<div class=\"elementor-column elementor-col-33 elementor-inner-column elementor-element elementor-element-8827382\" data-id=\"8827382\" data-element_type=\"column\" data-e-type=\"column\">\n\t\t\t<div class=\"elementor-widget-wrap elementor-element-populated\">\n\t\t\t\t\t\t<div class=\"elementor-element elementor-element-246b427a elementor-widget elementor-widget-mo-image-box\" data-id=\"246b427a\" data-element_type=\"widget\" data-e-type=\"widget\" data-widget_type=\"mo-image-box.default\">\n\t\t\t\t<div class=\"elementor-widget-container\">\n\t\t\t\t\t<div class=\"mo-element-mo-image-box mo-element\">\n  \n\n \n\n\n\n\n \n\n \n\n  <div class=\"image-box image-box-style6\">\n    <div class=\"thumb-service\">\n              <a href=\"https:\/\/hl-dizajn.hr\/zaposljavanje\/\">\n          <img decoding=\"async\" src=\"https:\/\/hl-dizajn.hr\/wp-content\/uploads\/2023\/12\/zaposljavanje-scaled.jpg\" alt=\"Zapo\u0161ljavanje\" \/>        <\/a>\n                  <\/div>\n    <div class=\"title-wrap\">\n        \n      <h6>Employment<\/h6>      <div class=\"desc\">\n        <div class=\"content\"><\/div>\n      <\/div>\n              <a class=\"button btn-txt text_center btn-txt-arrow primary\" href=\"https:\/\/hl-dizajn.hr\/zaposljavanje\/\"> <span class=\"mo_module_button__container\"><span class=\"mo_module_button__cover front\"><span class=\"mo_btn_text front\">Read..<\/span><\/span><svg class=\"svg-arrow\" xmlns=\"http:\/\/www.w3.org\/2000\/svg\" x=\"0\" y=\"0\" viewbox=\"0 0 11.9 11.9\" xml:space=\"preserve\"><path d=\"M.4 11.5 11.4.6M11.4 10V.5H1.9\"><\/path><path d=\"M.4 11.5 11.4.6M11.4 10V.5H1.9\"><\/path><\/svg><\/span><\/a>\n          <\/div>\n  <\/div>\n \n\n \n\n\n \n\n\n \n\n\n <\/div>\t\t\t\t<\/div>\n\t\t\t\t<\/div>\n\t\t\t\t\t<\/div>\n\t\t<\/div>\n\t\t\t\t<div class=\"elementor-column elementor-col-33 elementor-inner-column elementor-element elementor-element-468b690c\" data-id=\"468b690c\" data-element_type=\"column\" data-e-type=\"column\">\n\t\t\t<div class=\"elementor-widget-wrap elementor-element-populated\">\n\t\t\t\t\t\t<div class=\"elementor-element elementor-element-7df7c894 elementor-widget elementor-widget-mo-image-box\" data-id=\"7df7c894\" data-element_type=\"widget\" data-e-type=\"widget\" data-widget_type=\"mo-image-box.default\">\n\t\t\t\t<div class=\"elementor-widget-container\">\n\t\t\t\t\t<div class=\"mo-element-mo-image-box mo-element\">\n  \n\n \n\n\n\n\n \n\n \n\n  <div class=\"image-box image-box-style6\">\n    <div class=\"thumb-service\">\n              <a href=\"https:\/\/hl-dizajn.hr\/zakoni-i-propisi\/\">\n          <img decoding=\"async\" src=\"https:\/\/hl-dizajn.hr\/wp-content\/uploads\/2023\/12\/zakoni-i-propisi-scaled.jpg\" alt=\"Zakoni i propisi\" \/>        <\/a>\n                  <\/div>\n    <div class=\"title-wrap\">\n        \n      <h6>Laws and regulations<\/h6>      <div class=\"desc\">\n        <div class=\"content\"><\/div>\n      <\/div>\n              <a class=\"button btn-txt text_center btn-txt-arrow primary\" href=\"https:\/\/hl-dizajn.hr\/zakoni-i-propisi\/\"> <span class=\"mo_module_button__container\"><span class=\"mo_module_button__cover front\"><span class=\"mo_btn_text front\">Read it<\/span><\/span><svg class=\"svg-arrow\" xmlns=\"http:\/\/www.w3.org\/2000\/svg\" x=\"0\" y=\"0\" viewbox=\"0 0 11.9 11.9\" xml:space=\"preserve\"><path d=\"M.4 11.5 11.4.6M11.4 10V.5H1.9\"><\/path><path d=\"M.4 11.5 11.4.6M11.4 10V.5H1.9\"><\/path><\/svg><\/span><\/a>\n          <\/div>\n  <\/div>\n \n\n \n\n\n \n\n\n \n\n\n <\/div>\t\t\t\t<\/div>\n\t\t\t\t<\/div>\n\t\t\t\t\t<\/div>\n\t\t<\/div>\n\t\t\t\t\t<\/div>\n\t\t<\/section>\n\t\t<div class=\"elementor-element elementor-element-186327c e-flex e-con-boxed e-con e-parent\" data-id=\"186327c\" data-element_type=\"container\" data-e-type=\"container\">\n\t\t\t\t\t<div class=\"e-con-inner\">\n\t\t\t\t<div class=\"elementor-element elementor-element-3445d1b elementor-widget elementor-widget-spacer\" data-id=\"3445d1b\" data-element_type=\"widget\" data-e-type=\"widget\" data-widget_type=\"spacer.default\">\n\t\t\t\t<div class=\"elementor-widget-container\">\n\t\t\t\t\t\t\t<div class=\"elementor-spacer\">\n\t\t\t<div class=\"elementor-spacer-inner\"><\/div>\n\t\t<\/div>\n\t\t\t\t\t\t<\/div>\n\t\t\t\t<\/div>\n\t\t\t\t\t<\/div>\n\t\t\t\t<\/div>\n\t\t<div class=\"elementor-element elementor-element-c667215 e-flex e-con-boxed e-con e-parent\" data-id=\"c667215\" data-element_type=\"container\" data-e-type=\"container\">\n\t\t\t\t\t<div class=\"e-con-inner\">\n\t\t\t\t<div class=\"elementor-element elementor-element-0945301 elementor-widget elementor-widget-spacer\" data-id=\"0945301\" data-element_type=\"widget\" data-e-type=\"widget\" data-widget_type=\"spacer.default\">\n\t\t\t\t<div class=\"elementor-widget-container\">\n\t\t\t\t\t\t\t<div class=\"elementor-spacer\">\n\t\t\t<div class=\"elementor-spacer-inner\"><\/div>\n\t\t<\/div>\n\t\t\t\t\t\t<\/div>\n\t\t\t\t<\/div>\n\t\t\t\t\t<\/div>\n\t\t\t\t<\/div>\n\t\t\t\t<\/div>","protected":false},"excerpt":{"rendered":"<p>Zakoni i propisi ME\u0110UNARODNI DOKUMENTI \u200bUN Konvencija o pravima osoba s invaliditetom i Fakultativni protokol uz Konvenciju o pravima osoba s invaliditetom UN Konvencija o pravima djeteta Akcijski plan Vije\u0107a Europe za promicanje prava i potpunog sudjelovanja u dru\u0161tvu osoba s invaliditetom: pobolj\u0161anje kvalitete \u017eivota osoba s invaliditetom u Europi 2006. &#8211; 2015. usvojen 5. [&hellip;]<\/p>\n","protected":false},"author":1,"featured_media":0,"parent":0,"menu_order":0,"comment_status":"closed","ping_status":"closed","template":"","meta":{"footnotes":""},"class_list":["post-9579","page","type-page","status-publish","hentry"],"yoast_head":"<!-- This site is optimized with the Yoast SEO plugin v27.3 - https:\/\/yoast.com\/product\/yoast-seo-wordpress\/ -->\n<title>Zakoni i propisi - SDDH<\/title>\n<meta name=\"robots\" content=\"index, follow, max-snippet:-1, max-image-preview:large, max-video-preview:-1\" \/>\n<link rel=\"canonical\" href=\"https:\/\/hl-dizajn.hr\/en\/zakoni-i-propisi\/\" \/>\n<meta property=\"og:locale\" content=\"en_GB\" \/>\n<meta property=\"og:type\" content=\"article\" \/>\n<meta property=\"og:title\" content=\"Zakoni i propisi - SDDH\" \/>\n<meta property=\"og:description\" content=\"Zakoni i propisi ME\u0110UNARODNI DOKUMENTI \u200bUN Konvencija o pravima osoba s invaliditetom i Fakultativni protokol uz Konvenciju o pravima osoba s invaliditetom UN Konvencija o pravima djeteta Akcijski plan Vije\u0107a Europe za promicanje prava i potpunog sudjelovanja u dru\u0161tvu osoba s invaliditetom: pobolj\u0161anje kvalitete \u017eivota osoba s invaliditetom u Europi 2006. &#8211; 2015. usvojen 5. [&hellip;]\" \/>\n<meta property=\"og:url\" content=\"https:\/\/hl-dizajn.hr\/en\/zakoni-i-propisi\/\" \/>\n<meta property=\"og:site_name\" content=\"SDDH\" \/>\n<meta property=\"article:publisher\" content=\"https:\/\/www.facebook.com\/SDDH.1970\/?_rdc=1&amp;_rdr\" \/>\n<meta property=\"article:modified_time\" content=\"2024-02-19T18:15:57+00:00\" \/>\n<meta property=\"og:image\" content=\"https:\/\/hl-dizajn.hr\/wp-content\/uploads\/2023\/12\/info-centar-scaled.jpg\" \/>\n<meta name=\"twitter:card\" content=\"summary_large_image\" \/>\n<meta name=\"twitter:label1\" content=\"Estimated reading time\" \/>\n\t<meta name=\"twitter:data1\" content=\"2 minutes\" \/>\n<script type=\"application\/ld+json\" class=\"yoast-schema-graph\">{\"@context\":\"https:\\\/\\\/schema.org\",\"@graph\":[{\"@type\":\"WebPage\",\"@id\":\"https:\\\/\\\/hl-dizajn.hr\\\/zakoni-i-propisi\\\/\",\"url\":\"https:\\\/\\\/hl-dizajn.hr\\\/zakoni-i-propisi\\\/\",\"name\":\"Zakoni i propisi - SDDH\",\"isPartOf\":{\"@id\":\"https:\\\/\\\/hl-dizajn.hr\\\/#website\"},\"primaryImageOfPage\":{\"@id\":\"https:\\\/\\\/hl-dizajn.hr\\\/zakoni-i-propisi\\\/#primaryimage\"},\"image\":{\"@id\":\"https:\\\/\\\/hl-dizajn.hr\\\/zakoni-i-propisi\\\/#primaryimage\"},\"thumbnailUrl\":\"https:\\\/\\\/hl-dizajn.hr\\\/wp-content\\\/uploads\\\/2023\\\/12\\\/info-centar-scaled.jpg\",\"datePublished\":\"2023-12-29T08:31:41+00:00\",\"dateModified\":\"2024-02-19T18:15:57+00:00\",\"breadcrumb\":{\"@id\":\"https:\\\/\\\/hl-dizajn.hr\\\/zakoni-i-propisi\\\/#breadcrumb\"},\"inLanguage\":\"en-GB\",\"potentialAction\":[{\"@type\":\"ReadAction\",\"target\":[\"https:\\\/\\\/hl-dizajn.hr\\\/zakoni-i-propisi\\\/\"]}]},{\"@type\":\"ImageObject\",\"inLanguage\":\"en-GB\",\"@id\":\"https:\\\/\\\/hl-dizajn.hr\\\/zakoni-i-propisi\\\/#primaryimage\",\"url\":\"https:\\\/\\\/hl-dizajn.hr\\\/wp-content\\\/uploads\\\/2023\\\/12\\\/info-centar-scaled.jpg\",\"contentUrl\":\"https:\\\/\\\/hl-dizajn.hr\\\/wp-content\\\/uploads\\\/2023\\\/12\\\/info-centar-scaled.jpg\"},{\"@type\":\"BreadcrumbList\",\"@id\":\"https:\\\/\\\/hl-dizajn.hr\\\/zakoni-i-propisi\\\/#breadcrumb\",\"itemListElement\":[{\"@type\":\"ListItem\",\"position\":1,\"name\":\"Po\u010detna stranica\",\"item\":\"https:\\\/\\\/hl-dizajn.hr\\\/\"},{\"@type\":\"ListItem\",\"position\":2,\"name\":\"Zakoni i propisi\"}]},{\"@type\":\"WebSite\",\"@id\":\"https:\\\/\\\/hl-dizajn.hr\\\/#website\",\"url\":\"https:\\\/\\\/hl-dizajn.hr\\\/\",\"name\":\"SDDH\",\"description\":\"\",\"potentialAction\":[{\"@type\":\"SearchAction\",\"target\":{\"@type\":\"EntryPoint\",\"urlTemplate\":\"https:\\\/\\\/hl-dizajn.hr\\\/?s={search_term_string}\"},\"query-input\":{\"@type\":\"PropertyValueSpecification\",\"valueRequired\":true,\"valueName\":\"search_term_string\"}}],\"inLanguage\":\"en-GB\"}]}<\/script>\n<!-- \/ Yoast SEO plugin. -->","yoast_head_json":{"title":"Zakoni i propisi - SDDH","robots":{"index":"index","follow":"follow","max-snippet":"max-snippet:-1","max-image-preview":"max-image-preview:large","max-video-preview":"max-video-preview:-1"},"canonical":"https:\/\/hl-dizajn.hr\/en\/zakoni-i-propisi\/","og_locale":"en_GB","og_type":"article","og_title":"Zakoni i propisi - SDDH","og_description":"Zakoni i propisi ME\u0110UNARODNI DOKUMENTI \u200bUN Konvencija o pravima osoba s invaliditetom i Fakultativni protokol uz Konvenciju o pravima osoba s invaliditetom UN Konvencija o pravima djeteta Akcijski plan Vije\u0107a Europe za promicanje prava i potpunog sudjelovanja u dru\u0161tvu osoba s invaliditetom: pobolj\u0161anje kvalitete \u017eivota osoba s invaliditetom u Europi 2006. &#8211; 2015. usvojen 5. [&hellip;]","og_url":"https:\/\/hl-dizajn.hr\/en\/zakoni-i-propisi\/","og_site_name":"SDDH","article_publisher":"https:\/\/www.facebook.com\/SDDH.1970\/?_rdc=1&_rdr","article_modified_time":"2024-02-19T18:15:57+00:00","og_image":[{"url":"https:\/\/hl-dizajn.hr\/wp-content\/uploads\/2023\/12\/info-centar-scaled.jpg","type":"","width":"","height":""}],"twitter_card":"summary_large_image","twitter_misc":{"Estimated reading time":"2 minutes"},"schema":{"@context":"https:\/\/schema.org","@graph":[{"@type":"WebPage","@id":"https:\/\/hl-dizajn.hr\/zakoni-i-propisi\/","url":"https:\/\/hl-dizajn.hr\/zakoni-i-propisi\/","name":"Zakoni i propisi - SDDH","isPartOf":{"@id":"https:\/\/hl-dizajn.hr\/#website"},"primaryImageOfPage":{"@id":"https:\/\/hl-dizajn.hr\/zakoni-i-propisi\/#primaryimage"},"image":{"@id":"https:\/\/hl-dizajn.hr\/zakoni-i-propisi\/#primaryimage"},"thumbnailUrl":"https:\/\/hl-dizajn.hr\/wp-content\/uploads\/2023\/12\/info-centar-scaled.jpg","datePublished":"2023-12-29T08:31:41+00:00","dateModified":"2024-02-19T18:15:57+00:00","breadcrumb":{"@id":"https:\/\/hl-dizajn.hr\/zakoni-i-propisi\/#breadcrumb"},"inLanguage":"en-GB","potentialAction":[{"@type":"ReadAction","target":["https:\/\/hl-dizajn.hr\/zakoni-i-propisi\/"]}]},{"@type":"ImageObject","inLanguage":"en-GB","@id":"https:\/\/hl-dizajn.hr\/zakoni-i-propisi\/#primaryimage","url":"https:\/\/hl-dizajn.hr\/wp-content\/uploads\/2023\/12\/info-centar-scaled.jpg","contentUrl":"https:\/\/hl-dizajn.hr\/wp-content\/uploads\/2023\/12\/info-centar-scaled.jpg"},{"@type":"BreadcrumbList","@id":"https:\/\/hl-dizajn.hr\/zakoni-i-propisi\/#breadcrumb","itemListElement":[{"@type":"ListItem","position":1,"name":"Po\u010detna stranica","item":"https:\/\/hl-dizajn.hr\/"},{"@type":"ListItem","position":2,"name":"Zakoni i propisi"}]},{"@type":"WebSite","@id":"https:\/\/hl-dizajn.hr\/#website","url":"https:\/\/hl-dizajn.hr\/","name":"SDDH","description":"","potentialAction":[{"@type":"SearchAction","target":{"@type":"EntryPoint","urlTemplate":"https:\/\/hl-dizajn.hr\/?s={search_term_string}"},"query-input":{"@type":"PropertyValueSpecification","valueRequired":true,"valueName":"search_term_string"}}],"inLanguage":"en-GB"}]}},"_links":{"self":[{"href":"https:\/\/hl-dizajn.hr\/en\/wp-json\/wp\/v2\/pages\/9579","targetHints":{"allow":["GET"]}}],"collection":[{"href":"https:\/\/hl-dizajn.hr\/en\/wp-json\/wp\/v2\/pages"}],"about":[{"href":"https:\/\/hl-dizajn.hr\/en\/wp-json\/wp\/v2\/types\/page"}],"author":[{"embeddable":true,"href":"https:\/\/hl-dizajn.hr\/en\/wp-json\/wp\/v2\/users\/1"}],"replies":[{"embeddable":true,"href":"https:\/\/hl-dizajn.hr\/en\/wp-json\/wp\/v2\/comments?post=9579"}],"version-history":[{"count":0,"href":"https:\/\/hl-dizajn.hr\/en\/wp-json\/wp\/v2\/pages\/9579\/revisions"}],"wp:attachment":[{"href":"https:\/\/hl-dizajn.hr\/en\/wp-json\/wp\/v2\/media?parent=9579"}],"curies":[{"name":"wp","href":"https:\/\/api.w.org\/{rel}","templated":true}]}}