{"id":8871,"date":"2023-12-22T12:03:50","date_gmt":"2023-12-22T11:03:50","guid":{"rendered":"https:\/\/hl-dizajn.hr\/?page_id=8871"},"modified":"2024-02-24T12:53:45","modified_gmt":"2024-02-24T11:53:45","slug":"vijesti","status":"publish","type":"page","link":"https:\/\/hl-dizajn.hr\/en\/vijesti\/","title":{"rendered":"News"},"content":{"rendered":"<div data-elementor-type=\"wp-page\" data-elementor-id=\"8871\" class=\"elementor elementor-8871\">\n\t\t\t\t<div class=\"elementor-element elementor-element-6f129fb e-flex e-con-boxed e-con e-parent\" data-id=\"6f129fb\" data-element_type=\"container\" data-e-type=\"container\">\n\t\t\t\t\t<div class=\"e-con-inner\">\n\t\t\t\t<div class=\"elementor-element elementor-element-7e61f33 elementor-widget elementor-widget-mo-posts\" data-id=\"7e61f33\" data-element_type=\"widget\" data-e-type=\"widget\" data-widget_type=\"mo-posts.default\">\n\t\t\t\t<div class=\"elementor-widget-container\">\n\t\t\t\t\t<div class=\"mo-element-mo-posts mo-element\"><div class=\"mo-posts-grid clearfix mo-posts\">\n  <div class=\"mo-content-items\"> \n    <div class=\"lg-block-grid-3 md-block-grid-3 sm-block-grid-2 xs-block-grid-1 xx-block-grid-1\">\n    <div id=\"post-12151\" class=\"post-12151 post type-post status-publish format-standard has-post-thumbnail hentry category-sddh-vijesti tag-stop-vrsnjackom-nasilju tag-sustavna-podrska\">\n\t<div class=\"grid-mid-post\">\n\t<div class=\"format-post\">\n\t\t\t<figure>\n\t\t\t\t<a class=\"arrow-post\" href=\"https:\/\/hl-dizajn.hr\/en\/nacionalni-dan-borbe-protiv-vrsnjackog-nasilja\/\"> <span><\/span><\/a>\n\t\t\t\t<a href=\"https:\/\/hl-dizajn.hr\/en\/nacionalni-dan-borbe-protiv-vrsnjackog-nasilja\/\"><img fetchpriority=\"high\" decoding=\"async\" width=\"720\" height=\"400\" src=\"https:\/\/hl-dizajn.hr\/wp-content\/uploads\/2025\/09\/2020-02-26_825x400-720x400.png\" class=\"attachment-saga-small size-saga-small wp-post-image\" alt=\"\" srcset=\"https:\/\/hl-dizajn.hr\/wp-content\/uploads\/2025\/09\/2020-02-26_825x400-720x400.png 720w, https:\/\/hl-dizajn.hr\/wp-content\/uploads\/2025\/09\/2020-02-26_825x400-18x9.png 18w\" sizes=\"(max-width: 720px) 100vw, 720px\" \/><\/a>\n\t\t\t<\/figure>\n\t\t<div class=\"content-post\">\n\t\t    <a class=\"cat-name\" href=\"https:\/\/hl-dizajn.hr\/en\/category\/sddh-vijesti\/\">SDDH News<\/a>\n\t\t\t<h3 class=\"post-title\"><a href=\"https:\/\/hl-dizajn.hr\/en\/nacionalni-dan-borbe-protiv-vrsnjackog-nasilja\/\"> Nacionalni dan borbe protiv vr\u0161nja\u010dkog nasilja<\/a><\/h3>\n\t\t\t<ul class=\"meta-post\">\n\t\t\t\t<li class=\"date\">26. February 2025.<\/li>\n\t\t\t\t<li><div class=\"author\">SDDH<\/div><\/li>\n\t\t\t<\/ul>\n\t\t<\/div><\/div>\t<\/div>\n<\/div>       <div id=\"post-12148\" class=\"post-12148 post type-post status-publish format-standard has-post-thumbnail hentry category-sddh-vijesti tag-sustavna-podrska\">\n\t<div class=\"grid-mid-post\">\n\t<div class=\"format-post\">\n\t\t\t<figure>\n\t\t\t\t<a class=\"arrow-post\" href=\"https:\/\/hl-dizajn.hr\/en\/medunarodni-dan-rijetkih-bolesti-28-veljace-2025\/\"> <span><\/span><\/a>\n\t\t\t\t<a href=\"https:\/\/hl-dizajn.hr\/en\/medunarodni-dan-rijetkih-bolesti-28-veljace-2025\/\"><img decoding=\"async\" width=\"720\" height=\"400\" src=\"https:\/\/hl-dizajn.hr\/wp-content\/uploads\/2025\/09\/pledge_card_croatian_002-720x400.jpg\" class=\"attachment-saga-small size-saga-small wp-post-image\" alt=\"\" srcset=\"https:\/\/hl-dizajn.hr\/wp-content\/uploads\/2025\/09\/pledge_card_croatian_002-720x400.jpg 720w, https:\/\/hl-dizajn.hr\/wp-content\/uploads\/2025\/09\/pledge_card_croatian_002-18x9.jpg 18w\" sizes=\"(max-width: 720px) 100vw, 720px\" \/><\/a>\n\t\t\t<\/figure>\n\t\t<div class=\"content-post\">\n\t\t    <a class=\"cat-name\" href=\"https:\/\/hl-dizajn.hr\/en\/category\/sddh-vijesti\/\">SDDH News<\/a>\n\t\t\t<h3 class=\"post-title\"><a href=\"https:\/\/hl-dizajn.hr\/en\/medunarodni-dan-rijetkih-bolesti-28-veljace-2025\/\"> Me\u0111unarodni dan rijetkih bolesti \u2013 28. velja\u010de 2025.<\/a><\/h3>\n\t\t\t<ul class=\"meta-post\">\n\t\t\t\t<li class=\"date\">25. February 2025.<\/li>\n\t\t\t\t<li><div class=\"author\">SDDH<\/div><\/li>\n\t\t\t<\/ul>\n\t\t<\/div><\/div>\t<\/div>\n<\/div>       <div id=\"post-12145\" class=\"post-12145 post type-post status-publish format-standard has-post-thumbnail hentry category-sddh-vijesti tag-sustavna-podrska\">\n\t<div class=\"grid-mid-post\">\n\t<div class=\"format-post\">\n\t\t\t<figure>\n\t\t\t\t<a class=\"arrow-post\" href=\"https:\/\/hl-dizajn.hr\/en\/edukativna-radionica-o-fundraisingu\/\"> <span><\/span><\/a>\n\t\t\t\t<a href=\"https:\/\/hl-dizajn.hr\/en\/edukativna-radionica-o-fundraisingu\/\"><img decoding=\"async\" width=\"720\" height=\"400\" src=\"https:\/\/hl-dizajn.hr\/wp-content\/uploads\/2025\/09\/fundraising_mladenka_002-720x400.jpeg\" class=\"attachment-saga-small size-saga-small wp-post-image\" alt=\"\" srcset=\"https:\/\/hl-dizajn.hr\/wp-content\/uploads\/2025\/09\/fundraising_mladenka_002-720x400.jpeg 720w, https:\/\/hl-dizajn.hr\/wp-content\/uploads\/2025\/09\/fundraising_mladenka_002-18x9.jpeg 18w\" sizes=\"(max-width: 720px) 100vw, 720px\" \/><\/a>\n\t\t\t<\/figure>\n\t\t<div class=\"content-post\">\n\t\t    <a class=\"cat-name\" href=\"https:\/\/hl-dizajn.hr\/en\/category\/sddh-vijesti\/\">SDDH News<\/a>\n\t\t\t<h3 class=\"post-title\"><a href=\"https:\/\/hl-dizajn.hr\/en\/edukativna-radionica-o-fundraisingu\/\"> Edukativna radionica o fundraisingu<\/a><\/h3>\n\t\t\t<ul class=\"meta-post\">\n\t\t\t\t<li class=\"date\">24. February 2025.<\/li>\n\t\t\t\t<li><div class=\"author\">SDDH<\/div><\/li>\n\t\t\t<\/ul>\n\t\t<\/div><\/div>\t<\/div>\n<\/div>       <div id=\"post-12142\" class=\"post-12142 post type-post status-publish format-standard has-post-thumbnail hentry category-sddh-vijesti tag-sustavna-podrska\">\n\t<div class=\"grid-mid-post\">\n\t<div class=\"format-post\">\n\t\t\t<figure>\n\t\t\t\t<a class=\"arrow-post\" href=\"https:\/\/hl-dizajn.hr\/en\/sudjelujte-na-online-medicinskom-savjetovalistu\/\"> <span><\/span><\/a>\n\t\t\t\t<a href=\"https:\/\/hl-dizajn.hr\/en\/sudjelujte-na-online-medicinskom-savjetovalistu\/\"><img loading=\"lazy\" decoding=\"async\" width=\"720\" height=\"400\" src=\"https:\/\/hl-dizajn.hr\/wp-content\/uploads\/2025\/09\/medicinsko-savjetovaliste-sddh_002-720x400.png\" class=\"attachment-saga-small size-saga-small wp-post-image\" alt=\"\" srcset=\"https:\/\/hl-dizajn.hr\/wp-content\/uploads\/2025\/09\/medicinsko-savjetovaliste-sddh_002-720x400.png 720w, https:\/\/hl-dizajn.hr\/wp-content\/uploads\/2025\/09\/medicinsko-savjetovaliste-sddh_002-18x9.png 18w\" sizes=\"(max-width: 720px) 100vw, 720px\" \/><\/a>\n\t\t\t<\/figure>\n\t\t<div class=\"content-post\">\n\t\t    <a class=\"cat-name\" href=\"https:\/\/hl-dizajn.hr\/en\/category\/sddh-vijesti\/\">SDDH News<\/a>\n\t\t\t<h3 class=\"post-title\"><a href=\"https:\/\/hl-dizajn.hr\/en\/sudjelujte-na-online-medicinskom-savjetovalistu\/\"> Sudjelujte na online medicinskom savjetovali\u0161tu<\/a><\/h3>\n\t\t\t<ul class=\"meta-post\">\n\t\t\t\t<li class=\"date\">13. February 2025.<\/li>\n\t\t\t\t<li><div class=\"author\">SDDH<\/div><\/li>\n\t\t\t<\/ul>\n\t\t<\/div><\/div>\t<\/div>\n<\/div>       <div id=\"post-12139\" class=\"post-12139 post type-post status-publish format-standard has-post-thumbnail hentry category-sddh-vijesti tag-sustavna-podrska\">\n\t<div class=\"grid-mid-post\">\n\t<div class=\"format-post\">\n\t\t\t<figure>\n\t\t\t\t<a class=\"arrow-post\" href=\"https:\/\/hl-dizajn.hr\/en\/americka-agencija-za-hranu-i-lijekove-odobrila-evrysdi-u-obliku-tablete\/\"> <span><\/span><\/a>\n\t\t\t\t<a href=\"https:\/\/hl-dizajn.hr\/en\/americka-agencija-za-hranu-i-lijekove-odobrila-evrysdi-u-obliku-tablete\/\"><img loading=\"lazy\" decoding=\"async\" width=\"720\" height=\"400\" src=\"https:\/\/hl-dizajn.hr\/wp-content\/uploads\/2025\/09\/drug-approval-feb-fb_002-720x400.jpg\" class=\"attachment-saga-small size-saga-small wp-post-image\" alt=\"\" srcset=\"https:\/\/hl-dizajn.hr\/wp-content\/uploads\/2025\/09\/drug-approval-feb-fb_002-720x400.jpg 720w, https:\/\/hl-dizajn.hr\/wp-content\/uploads\/2025\/09\/drug-approval-feb-fb_002-18x9.jpg 18w\" sizes=\"(max-width: 720px) 100vw, 720px\" \/><\/a>\n\t\t\t<\/figure>\n\t\t<div class=\"content-post\">\n\t\t    <a class=\"cat-name\" href=\"https:\/\/hl-dizajn.hr\/en\/category\/sddh-vijesti\/\">SDDH News<\/a>\n\t\t\t<h3 class=\"post-title\"><a href=\"https:\/\/hl-dizajn.hr\/en\/americka-agencija-za-hranu-i-lijekove-odobrila-evrysdi-u-obliku-tablete\/\"> Ameri\u010dka agencija za hranu i lijekove odobrila Evrysdi u obliku tablete<\/a><\/h3>\n\t\t\t<ul class=\"meta-post\">\n\t\t\t\t<li class=\"date\">13. February 2025.<\/li>\n\t\t\t\t<li><div class=\"author\">SDDH<\/div><\/li>\n\t\t\t<\/ul>\n\t\t<\/div><\/div>\t<\/div>\n<\/div>       <div id=\"post-12136\" class=\"post-12136 post type-post status-publish format-standard has-post-thumbnail hentry category-sddh-vijesti tag-sustavna-podrska\">\n\t<div class=\"grid-mid-post\">\n\t<div class=\"format-post\">\n\t\t\t<figure>\n\t\t\t\t<a class=\"arrow-post\" href=\"https:\/\/hl-dizajn.hr\/en\/savezi-proveli-prvi-trening-u-okviru-nacionalne-sustavne-podrske-nacionalne-zaklade\/\"> <span><\/span><\/a>\n\t\t\t\t<a href=\"https:\/\/hl-dizajn.hr\/en\/savezi-proveli-prvi-trening-u-okviru-nacionalne-sustavne-podrske-nacionalne-zaklade\/\"><img loading=\"lazy\" decoding=\"async\" width=\"720\" height=\"400\" src=\"https:\/\/hl-dizajn.hr\/wp-content\/uploads\/2025\/09\/825x400-program_rada_jednodnevni_trening-1-720x400.jpg\" class=\"attachment-saga-small size-saga-small wp-post-image\" alt=\"\" srcset=\"https:\/\/hl-dizajn.hr\/wp-content\/uploads\/2025\/09\/825x400-program_rada_jednodnevni_trening-1-720x400.jpg 720w, https:\/\/hl-dizajn.hr\/wp-content\/uploads\/2025\/09\/825x400-program_rada_jednodnevni_trening-1-18x9.jpg 18w\" sizes=\"(max-width: 720px) 100vw, 720px\" \/><\/a>\n\t\t\t<\/figure>\n\t\t<div class=\"content-post\">\n\t\t    <a class=\"cat-name\" href=\"https:\/\/hl-dizajn.hr\/en\/category\/sddh-vijesti\/\">SDDH News<\/a>\n\t\t\t<h3 class=\"post-title\"><a href=\"https:\/\/hl-dizajn.hr\/en\/savezi-proveli-prvi-trening-u-okviru-nacionalne-sustavne-podrske-nacionalne-zaklade\/\"> Savezi proveli prvi trening u okviru \u201eNacionalne sustavne podr\u0161ke Nacionalne zaklade\u201c<\/a><\/h3>\n\t\t\t<ul class=\"meta-post\">\n\t\t\t\t<li class=\"date\">12. February 2025.<\/li>\n\t\t\t\t<li><div class=\"author\">SDDH<\/div><\/li>\n\t\t\t<\/ul>\n\t\t<\/div><\/div>\t<\/div>\n<\/div>       <div id=\"post-12132\" class=\"post-12132 post type-post status-publish format-standard has-post-thumbnail hentry category-sddh-vijesti tag-sustavna-podrska\">\n\t<div class=\"grid-mid-post\">\n\t<div class=\"format-post\">\n\t\t\t<figure>\n\t\t\t\t<a class=\"arrow-post\" href=\"https:\/\/hl-dizajn.hr\/en\/milijarda-ustaje-2025-ustanimo-za-slobodu\/\"> <span><\/span><\/a>\n\t\t\t\t<a href=\"https:\/\/hl-dizajn.hr\/en\/milijarda-ustaje-2025-ustanimo-za-slobodu\/\"><img loading=\"lazy\" decoding=\"async\" width=\"720\" height=\"489\" src=\"https:\/\/hl-dizajn.hr\/wp-content\/uploads\/2025\/02\/Snimka-zaslona-2025-03-27-093144-720x489.png\" class=\"attachment-saga-small size-saga-small wp-post-image\" alt=\"\" srcset=\"https:\/\/hl-dizajn.hr\/wp-content\/uploads\/2025\/02\/Snimka-zaslona-2025-03-27-093144-720x489.png 720w, https:\/\/hl-dizajn.hr\/wp-content\/uploads\/2025\/02\/Snimka-zaslona-2025-03-27-093144-18x12.png 18w\" sizes=\"(max-width: 720px) 100vw, 720px\" \/><\/a>\n\t\t\t<\/figure>\n\t\t<div class=\"content-post\">\n\t\t    <a class=\"cat-name\" href=\"https:\/\/hl-dizajn.hr\/en\/category\/sddh-vijesti\/\">SDDH News<\/a>\n\t\t\t<h3 class=\"post-title\"><a href=\"https:\/\/hl-dizajn.hr\/en\/milijarda-ustaje-2025-ustanimo-za-slobodu\/\"> Milijarda ustaje 2025 &#8211; Ustanimo za slobodu<\/a><\/h3>\n\t\t\t<ul class=\"meta-post\">\n\t\t\t\t<li class=\"date\">9. February 2025.<\/li>\n\t\t\t\t<li><div class=\"author\">SDDH<\/div><\/li>\n\t\t\t<\/ul>\n\t\t<\/div><\/div>\t<\/div>\n<\/div>       <div id=\"post-12129\" class=\"post-12129 post type-post status-publish format-standard has-post-thumbnail hentry category-sddh-vijesti tag-sustavna-podrska\">\n\t<div class=\"grid-mid-post\">\n\t<div class=\"format-post\">\n\t\t\t<figure>\n\t\t\t\t<a class=\"arrow-post\" href=\"https:\/\/hl-dizajn.hr\/en\/trening-za-upravljacka-tijela-i-nadzorne-odbore-udruga-clanica\/\"> <span><\/span><\/a>\n\t\t\t\t<a href=\"https:\/\/hl-dizajn.hr\/en\/trening-za-upravljacka-tijela-i-nadzorne-odbore-udruga-clanica\/\"><img loading=\"lazy\" decoding=\"async\" width=\"720\" height=\"400\" src=\"https:\/\/hl-dizajn.hr\/wp-content\/uploads\/2025\/09\/825x400-program_rada_jednodnevni_trening-720x400.jpg\" class=\"attachment-saga-small size-saga-small wp-post-image\" alt=\"\" srcset=\"https:\/\/hl-dizajn.hr\/wp-content\/uploads\/2025\/09\/825x400-program_rada_jednodnevni_trening-720x400.jpg 720w, https:\/\/hl-dizajn.hr\/wp-content\/uploads\/2025\/09\/825x400-program_rada_jednodnevni_trening-18x9.jpg 18w\" sizes=\"(max-width: 720px) 100vw, 720px\" \/><\/a>\n\t\t\t<\/figure>\n\t\t<div class=\"content-post\">\n\t\t    <a class=\"cat-name\" href=\"https:\/\/hl-dizajn.hr\/en\/category\/sddh-vijesti\/\">SDDH News<\/a>\n\t\t\t<h3 class=\"post-title\"><a href=\"https:\/\/hl-dizajn.hr\/en\/trening-za-upravljacka-tijela-i-nadzorne-odbore-udruga-clanica\/\"> Trening za upravlja\u010dka tijela i nadzorne odbore udruga \u010dlanica<\/a><\/h3>\n\t\t\t<ul class=\"meta-post\">\n\t\t\t\t<li class=\"date\">7. February 2025.<\/li>\n\t\t\t\t<li><div class=\"author\">SDDH<\/div><\/li>\n\t\t\t<\/ul>\n\t\t<\/div><\/div>\t<\/div>\n<\/div>       <div id=\"post-12126\" class=\"post-12126 post type-post status-publish format-standard has-post-thumbnail hentry category-sddh-vijesti tag-sustavna-podrska tag-hzjz\">\n\t<div class=\"grid-mid-post\">\n\t<div class=\"format-post\">\n\t\t\t<figure>\n\t\t\t\t<a class=\"arrow-post\" href=\"https:\/\/hl-dizajn.hr\/en\/edukacija-studenata-seste-godine-medicinskog-fakulteta\/\"> <span><\/span><\/a>\n\t\t\t\t<a href=\"https:\/\/hl-dizajn.hr\/en\/edukacija-studenata-seste-godine-medicinskog-fakulteta\/\"><img loading=\"lazy\" decoding=\"async\" width=\"720\" height=\"400\" src=\"https:\/\/hl-dizajn.hr\/wp-content\/uploads\/2025\/09\/hzjz_mef_2-720x400.jpeg\" class=\"attachment-saga-small size-saga-small wp-post-image\" alt=\"\" srcset=\"https:\/\/hl-dizajn.hr\/wp-content\/uploads\/2025\/09\/hzjz_mef_2-720x400.jpeg 720w, https:\/\/hl-dizajn.hr\/wp-content\/uploads\/2025\/09\/hzjz_mef_2-18x9.jpeg 18w\" sizes=\"(max-width: 720px) 100vw, 720px\" \/><\/a>\n\t\t\t<\/figure>\n\t\t<div class=\"content-post\">\n\t\t    <a class=\"cat-name\" href=\"https:\/\/hl-dizajn.hr\/en\/category\/sddh-vijesti\/\">SDDH News<\/a>\n\t\t\t<h3 class=\"post-title\"><a href=\"https:\/\/hl-dizajn.hr\/en\/edukacija-studenata-seste-godine-medicinskog-fakulteta\/\"> Edukacija studenata \u0161este godine Medicinskog fakulteta<\/a><\/h3>\n\t\t\t<ul class=\"meta-post\">\n\t\t\t\t<li class=\"date\">5. February 2025.<\/li>\n\t\t\t\t<li><div class=\"author\">SDDH<\/div><\/li>\n\t\t\t<\/ul>\n\t\t<\/div><\/div>\t<\/div>\n<\/div>           <\/div>\n  <\/div>\n        <div class=\"pagination\">\n          <div class=\"column one pager_wrapper\"><div class=\"pager\"><div class=\"mo-pagination\"><a href=\"https:\/\/hl-dizajn.hr\/en\/wp-json\/wp\/v2\/pages\/8871\/\" class=\"page-item active\">1<\/a><a href=\"https:\/\/hl-dizajn.hr\/en\/wp-json\/wp\/v2\/pages\/8871\/page\/2\/\" class=\"page-item\">2<\/a><a href=\"https:\/\/hl-dizajn.hr\/en\/wp-json\/wp\/v2\/pages\/8871\/page\/3\/\" class=\"page-item\">3<\/a><span class=\"page-item\">... <\/span><a href=\"https:\/\/hl-dizajn.hr\/en\/wp-json\/wp\/v2\/pages\/8871\/page\/12\/\" class=\"page-item\">12<\/a><a class=\"next_page\" href=\"https:\/\/hl-dizajn.hr\/en\/wp-json\/wp\/v2\/pages\/8871\/page\/2\/\"><i class=\"fas fa-chevron-right\"><\/i><\/a><\/div><\/div><\/div>\n      <\/div>\n  <\/div>\n<\/div>\t\t\t\t<\/div>\n\t\t\t\t<\/div>\n\t\t\t\t<div class=\"elementor-element elementor-element-bf69870 elementor-widget elementor-widget-mo-button\" data-id=\"bf69870\" data-element_type=\"widget\" data-e-type=\"widget\" data-widget_type=\"mo-button.default\">\n\t\t\t\t<div class=\"elementor-widget-container\">\n\t\t\t\t\t<div class=\"mo-element-mo-button mo-element\"><div class=\"text-center\">\n\t<a class=\"button btn-border small button_none btn_icon_position_left text_center scaleup btn-txt- bg_primary bg_hr_dark light hr_light outline_dark outline_hr_primary\"  href=\"https:\/\/drive.google.com\/file\/d\/1_MYsuCTP8cpRu6HZM9ZhTTCfESoeJ0pp\/view?usp=sharing\" target=\"_blank\" rel=\"nofollow\"   style=\"border-width:0px; \">\n\t\t<span class=\"mo_module_button__container\">\n\t\t\t<span class=\"mo_module_button__cover front\"><span class=\"mo_btn_text front\">Arhiva vijesti SDDH<\/span><\/span>\n\t\t\t\t\t\t\t\t<\/span>\n\t<\/a>\n<\/div><\/div>\t\t\t\t<\/div>\n\t\t\t\t<\/div>\n\t\t\t\t\t<\/div>\n\t\t\t\t<\/div>\n\t\t\t\t<\/div>","protected":false},"excerpt":{"rendered":"<p>SDDH Vijesti Milijarda protiv nasilja nad \u017eenama 19. velja\u010de 2024. SDDH SDDH Vijesti Smjernice za uspje\u0161no upravljanje neprofitnom organizacijom 16. velja\u010de 2024. SDDH SDDH Vijesti Nastavak edukacija \u201eNasilju NE \u2013 toleranciji DA\u201c u \u0161kolama Grada Zagreba 15. velja\u010de 2024. SDDH SDDH Vijesti Milijarda ustaje protiv nasilja nad \u017eenama 13. velja\u010de 2024. SDDH Medicinsko savjetovali\u0161te Medicinsko [&hellip;]<\/p>\n","protected":false},"author":1,"featured_media":0,"parent":0,"menu_order":0,"comment_status":"closed","ping_status":"closed","template":"","meta":{"footnotes":""},"class_list":["post-8871","page","type-page","status-publish","hentry"],"yoast_head":"<!-- This site is optimized with the Yoast SEO plugin v27.3 - https:\/\/yoast.com\/product\/yoast-seo-wordpress\/ -->\n<title>Vijesti - SDDH<\/title>\n<meta name=\"robots\" content=\"index, follow, max-snippet:-1, max-image-preview:large, max-video-preview:-1\" \/>\n<link rel=\"canonical\" href=\"https:\/\/hl-dizajn.hr\/en\/vijesti\/\" \/>\n<meta property=\"og:locale\" content=\"en_GB\" \/>\n<meta property=\"og:type\" content=\"article\" \/>\n<meta property=\"og:title\" content=\"Vijesti - SDDH\" \/>\n<meta property=\"og:description\" content=\"SDDH Vijesti Milijarda protiv nasilja nad \u017eenama 19. velja\u010de 2024. SDDH SDDH Vijesti Smjernice za uspje\u0161no upravljanje neprofitnom organizacijom 16. velja\u010de 2024. SDDH SDDH Vijesti Nastavak edukacija \u201eNasilju NE \u2013 toleranciji DA\u201c u \u0161kolama Grada Zagreba 15. velja\u010de 2024. SDDH SDDH Vijesti Milijarda ustaje protiv nasilja nad \u017eenama 13. velja\u010de 2024. SDDH Medicinsko savjetovali\u0161te Medicinsko [&hellip;]\" \/>\n<meta property=\"og:url\" content=\"https:\/\/hl-dizajn.hr\/en\/vijesti\/\" \/>\n<meta property=\"og:site_name\" content=\"SDDH\" \/>\n<meta property=\"article:publisher\" content=\"https:\/\/www.facebook.com\/SDDH.1970\/?_rdc=1&amp;_rdr\" \/>\n<meta property=\"article:modified_time\" content=\"2024-02-24T11:53:45+00:00\" \/>\n<meta property=\"og:image\" content=\"https:\/\/hl-dizajn.hr\/wp-content\/uploads\/2024\/02\/milijarda-720x520.jpg\" \/>\n<meta name=\"twitter:card\" content=\"summary_large_image\" \/>\n<meta name=\"twitter:label1\" content=\"Estimated reading time\" \/>\n\t<meta name=\"twitter:data1\" content=\"3 minutes\" \/>\n<script type=\"application\/ld+json\" class=\"yoast-schema-graph\">{\"@context\":\"https:\\\/\\\/schema.org\",\"@graph\":[{\"@type\":\"WebPage\",\"@id\":\"https:\\\/\\\/hl-dizajn.hr\\\/vijesti\\\/\",\"url\":\"https:\\\/\\\/hl-dizajn.hr\\\/vijesti\\\/\",\"name\":\"Vijesti - SDDH\",\"isPartOf\":{\"@id\":\"https:\\\/\\\/hl-dizajn.hr\\\/#website\"},\"primaryImageOfPage\":{\"@id\":\"https:\\\/\\\/hl-dizajn.hr\\\/vijesti\\\/#primaryimage\"},\"image\":{\"@id\":\"https:\\\/\\\/hl-dizajn.hr\\\/vijesti\\\/#primaryimage\"},\"thumbnailUrl\":\"https:\\\/\\\/hl-dizajn.hr\\\/wp-content\\\/uploads\\\/2024\\\/02\\\/milijarda-720x520.jpg\",\"datePublished\":\"2023-12-22T11:03:50+00:00\",\"dateModified\":\"2024-02-24T11:53:45+00:00\",\"breadcrumb\":{\"@id\":\"https:\\\/\\\/hl-dizajn.hr\\\/vijesti\\\/#breadcrumb\"},\"inLanguage\":\"en-GB\",\"potentialAction\":[{\"@type\":\"ReadAction\",\"target\":[\"https:\\\/\\\/hl-dizajn.hr\\\/vijesti\\\/\"]}]},{\"@type\":\"ImageObject\",\"inLanguage\":\"en-GB\",\"@id\":\"https:\\\/\\\/hl-dizajn.hr\\\/vijesti\\\/#primaryimage\",\"url\":\"https:\\\/\\\/hl-dizajn.hr\\\/wp-content\\\/uploads\\\/2024\\\/02\\\/milijarda-720x520.jpg\",\"contentUrl\":\"https:\\\/\\\/hl-dizajn.hr\\\/wp-content\\\/uploads\\\/2024\\\/02\\\/milijarda-720x520.jpg\"},{\"@type\":\"BreadcrumbList\",\"@id\":\"https:\\\/\\\/hl-dizajn.hr\\\/vijesti\\\/#breadcrumb\",\"itemListElement\":[{\"@type\":\"ListItem\",\"position\":1,\"name\":\"Po\u010detna stranica\",\"item\":\"https:\\\/\\\/hl-dizajn.hr\\\/\"},{\"@type\":\"ListItem\",\"position\":2,\"name\":\"Vijesti\"}]},{\"@type\":\"WebSite\",\"@id\":\"https:\\\/\\\/hl-dizajn.hr\\\/#website\",\"url\":\"https:\\\/\\\/hl-dizajn.hr\\\/\",\"name\":\"SDDH\",\"description\":\"\",\"potentialAction\":[{\"@type\":\"SearchAction\",\"target\":{\"@type\":\"EntryPoint\",\"urlTemplate\":\"https:\\\/\\\/hl-dizajn.hr\\\/?s={search_term_string}\"},\"query-input\":{\"@type\":\"PropertyValueSpecification\",\"valueRequired\":true,\"valueName\":\"search_term_string\"}}],\"inLanguage\":\"en-GB\"}]}<\/script>\n<!-- \/ Yoast SEO plugin. -->","yoast_head_json":{"title":"Vijesti - SDDH","robots":{"index":"index","follow":"follow","max-snippet":"max-snippet:-1","max-image-preview":"max-image-preview:large","max-video-preview":"max-video-preview:-1"},"canonical":"https:\/\/hl-dizajn.hr\/en\/vijesti\/","og_locale":"en_GB","og_type":"article","og_title":"Vijesti - SDDH","og_description":"SDDH Vijesti Milijarda protiv nasilja nad \u017eenama 19. velja\u010de 2024. SDDH SDDH Vijesti Smjernice za uspje\u0161no upravljanje neprofitnom organizacijom 16. velja\u010de 2024. SDDH SDDH Vijesti Nastavak edukacija \u201eNasilju NE \u2013 toleranciji DA\u201c u \u0161kolama Grada Zagreba 15. velja\u010de 2024. SDDH SDDH Vijesti Milijarda ustaje protiv nasilja nad \u017eenama 13. velja\u010de 2024. SDDH Medicinsko savjetovali\u0161te Medicinsko [&hellip;]","og_url":"https:\/\/hl-dizajn.hr\/en\/vijesti\/","og_site_name":"SDDH","article_publisher":"https:\/\/www.facebook.com\/SDDH.1970\/?_rdc=1&_rdr","article_modified_time":"2024-02-24T11:53:45+00:00","og_image":[{"url":"https:\/\/hl-dizajn.hr\/wp-content\/uploads\/2024\/02\/milijarda-720x520.jpg","type":"","width":"","height":""}],"twitter_card":"summary_large_image","twitter_misc":{"Estimated reading time":"3 minutes"},"schema":{"@context":"https:\/\/schema.org","@graph":[{"@type":"WebPage","@id":"https:\/\/hl-dizajn.hr\/vijesti\/","url":"https:\/\/hl-dizajn.hr\/vijesti\/","name":"Vijesti - SDDH","isPartOf":{"@id":"https:\/\/hl-dizajn.hr\/#website"},"primaryImageOfPage":{"@id":"https:\/\/hl-dizajn.hr\/vijesti\/#primaryimage"},"image":{"@id":"https:\/\/hl-dizajn.hr\/vijesti\/#primaryimage"},"thumbnailUrl":"https:\/\/hl-dizajn.hr\/wp-content\/uploads\/2024\/02\/milijarda-720x520.jpg","datePublished":"2023-12-22T11:03:50+00:00","dateModified":"2024-02-24T11:53:45+00:00","breadcrumb":{"@id":"https:\/\/hl-dizajn.hr\/vijesti\/#breadcrumb"},"inLanguage":"en-GB","potentialAction":[{"@type":"ReadAction","target":["https:\/\/hl-dizajn.hr\/vijesti\/"]}]},{"@type":"ImageObject","inLanguage":"en-GB","@id":"https:\/\/hl-dizajn.hr\/vijesti\/#primaryimage","url":"https:\/\/hl-dizajn.hr\/wp-content\/uploads\/2024\/02\/milijarda-720x520.jpg","contentUrl":"https:\/\/hl-dizajn.hr\/wp-content\/uploads\/2024\/02\/milijarda-720x520.jpg"},{"@type":"BreadcrumbList","@id":"https:\/\/hl-dizajn.hr\/vijesti\/#breadcrumb","itemListElement":[{"@type":"ListItem","position":1,"name":"Po\u010detna stranica","item":"https:\/\/hl-dizajn.hr\/"},{"@type":"ListItem","position":2,"name":"Vijesti"}]},{"@type":"WebSite","@id":"https:\/\/hl-dizajn.hr\/#website","url":"https:\/\/hl-dizajn.hr\/","name":"SDDH","description":"","potentialAction":[{"@type":"SearchAction","target":{"@type":"EntryPoint","urlTemplate":"https:\/\/hl-dizajn.hr\/?s={search_term_string}"},"query-input":{"@type":"PropertyValueSpecification","valueRequired":true,"valueName":"search_term_string"}}],"inLanguage":"en-GB"}]}},"_links":{"self":[{"href":"https:\/\/hl-dizajn.hr\/en\/wp-json\/wp\/v2\/pages\/8871","targetHints":{"allow":["GET"]}}],"collection":[{"href":"https:\/\/hl-dizajn.hr\/en\/wp-json\/wp\/v2\/pages"}],"about":[{"href":"https:\/\/hl-dizajn.hr\/en\/wp-json\/wp\/v2\/types\/page"}],"author":[{"embeddable":true,"href":"https:\/\/hl-dizajn.hr\/en\/wp-json\/wp\/v2\/users\/1"}],"replies":[{"embeddable":true,"href":"https:\/\/hl-dizajn.hr\/en\/wp-json\/wp\/v2\/comments?post=8871"}],"version-history":[{"count":0,"href":"https:\/\/hl-dizajn.hr\/en\/wp-json\/wp\/v2\/pages\/8871\/revisions"}],"wp:attachment":[{"href":"https:\/\/hl-dizajn.hr\/en\/wp-json\/wp\/v2\/media?parent=8871"}],"curies":[{"name":"wp","href":"https:\/\/api.w.org\/{rel}","templated":true}]}}