{"id":1068,"date":"2022-04-25T21:08:35","date_gmt":"2022-04-25T21:08:35","guid":{"rendered":"https:\/\/motivoweb.com\/zad\/?page_id=1068"},"modified":"2024-01-12T10:58:49","modified_gmt":"2024-01-12T09:58:49","slug":"donirajte","status":"publish","type":"page","link":"https:\/\/hl-dizajn.hr\/en\/pages\/o-nama\/donirajte\/","title":{"rendered":"Donate"},"content":{"rendered":"<div data-elementor-type=\"wp-page\" data-elementor-id=\"1068\" class=\"elementor elementor-1068\">\n\t\t\t\t<div class=\"elementor-element elementor-element-0b34f06 e-flex e-con-boxed e-con e-parent\" data-id=\"0b34f06\" data-element_type=\"container\" data-e-type=\"container\">\n\t\t\t\t\t<div class=\"e-con-inner\">\n\t\t\t\t<div class=\"elementor-element elementor-element-7ca47dd elementor-widget elementor-widget-text-editor\" data-id=\"7ca47dd\" data-element_type=\"widget\" data-e-type=\"widget\" data-widget_type=\"text-editor.default\">\n\t\t\t\t<div class=\"elementor-widget-container\">\n\t\t\t\t\t\t\t\t\t<p class=\"sizeable\">Pozivamo Vas da se pridru\u017eite donatorima\u00a0Saveza dru\u0161tava distrofi\u010dara Hrvatske (SDDH) i time podr\u017eite aktivnosti koje SDDH provodi radi unapre\u0111enja \u017eivljenja osoba s mi\u0161i\u0107nom distrofijom i srodnim neuromuskularnim bolestima.<\/p><p class=\"sizeable\">SDDH se financira putem programa i projekata, samofinanciraju\u0107im djelatnostima te uz pomo\u0107 donacija i sponzorstava, a zna\u010dajan dio aktivnosti provode se volonterski.<\/p><p class=\"sizeable\">Donirana sredstva koristit \u0107e se za podr\u0161ku radu SDDH.\u00a0<\/p><p class=\"sizeable\">Za vi\u0161e informacija te ukoliko \u017eelite dogovoriti namjensku donaciju, kontaktirajte SDDH putem e-maila:\u00a0<a class=\"sizeable\" href=\"mailto:sddh@zg.t-com.hr\">sddh@zg.t-com.hr<\/a>\u00a0ili broja telefona: 01 46 66 849.<\/p><p class=\"sizeable\">Hvala Vam!<\/p>\t\t\t\t\t\t\t\t<\/div>\n\t\t\t\t<\/div>\n\t\t\t\t\t<\/div>\n\t\t\t\t<\/div>\n\t\t\t\t<section class=\"elementor-section elementor-top-section elementor-element elementor-element-9afe22f elementor-section-full_width elementor-section-stretched elementor-section-height-default elementor-section-height-default\" data-id=\"9afe22f\" data-element_type=\"section\" data-e-type=\"section\" data-settings=\"{&quot;background_background&quot;:&quot;classic&quot;,&quot;stretch_section&quot;:&quot;section-stretched&quot;}\">\n\t\t\t\t\t\t<div class=\"elementor-container elementor-column-gap-default\">\n\t\t\t\t\t<div class=\"elementor-column elementor-col-100 elementor-top-column elementor-element elementor-element-3804de3\" data-id=\"3804de3\" data-element_type=\"column\" data-e-type=\"column\">\n\t\t\t<div class=\"elementor-widget-wrap elementor-element-populated\">\n\t\t\t\t\t\t<section class=\"elementor-section elementor-inner-section elementor-element elementor-element-d256ace elementor-section-boxed elementor-section-height-default elementor-section-height-default\" data-id=\"d256ace\" data-element_type=\"section\" data-e-type=\"section\">\n\t\t\t\t\t\t<div class=\"elementor-container elementor-column-gap-default\">\n\t\t\t\t\t<div class=\"elementor-column elementor-col-50 elementor-inner-column elementor-element elementor-element-a20b2a9\" data-id=\"a20b2a9\" data-element_type=\"column\" data-e-type=\"column\">\n\t\t\t<div class=\"elementor-widget-wrap elementor-element-populated\">\n\t\t\t\t\t\t<div class=\"elementor-element elementor-element-10c02ac elementor-widget elementor-widget-mo-heading-block\" data-id=\"10c02ac\" data-element_type=\"widget\" data-e-type=\"widget\" data-widget_type=\"mo-heading-block.default\">\n\t\t\t\t<div class=\"elementor-widget-container\">\n\t\t\t\t\t<div class=\"mo-element-mo-heading-block mo-element\">   <div class=\"mo-title-box title-box-style-6 text-left\">\n      <div class=\"content-inner\">\n                     <h5 class=\"sub-title\" data-title=\"Upute za \"><span>Upute za <\/span><\/h5>\n           \n                     <h3 class=\"title\">Tvrtke i obrte:<\/h3>\n                              <div class=\"title-desc\">Donacija u novcu na\u0161em Savezu je za va\u0161u tvrtku ili obrt porezno priznat tro\u0161ak dok god iznos donacije nije ve\u0107i od 2 % va\u0161eg ostvarenog pro\u0161logodi\u0161njeg prihoda. Dokument kojim pravdate donaciju u novcu je izvadak sa transakcijskog ra\u010duna na kojem je vidljiva isplata.\n\nVi\u0161e o donacijama pro\u010ditajte ovdje:\n\nhttps:\/\/profitiraj.hr\/racunovodstveni-i-porezni-tretman-donacija\/ \n\nhttps:\/\/brojevi.hr\/donacije-darovanja-porezne-olaksice\/<\/div>\n               <\/div>\n   <\/div>\n   <div class=\"clearfix\"><\/div><\/div>\t\t\t\t<\/div>\n\t\t\t\t<\/div>\n\t\t\t\t\t<\/div>\n\t\t<\/div>\n\t\t\t\t<div class=\"elementor-column elementor-col-50 elementor-inner-column elementor-element elementor-element-70ff298\" data-id=\"70ff298\" data-element_type=\"column\" data-e-type=\"column\">\n\t\t\t<div class=\"elementor-widget-wrap elementor-element-populated\">\n\t\t\t\t\t\t<div class=\"elementor-element elementor-element-84cfa3c elementor-widget elementor-widget-spacer\" data-id=\"84cfa3c\" data-element_type=\"widget\" data-e-type=\"widget\" data-widget_type=\"spacer.default\">\n\t\t\t\t<div class=\"elementor-widget-container\">\n\t\t\t\t\t\t\t<div class=\"elementor-spacer\">\n\t\t\t<div class=\"elementor-spacer-inner\"><\/div>\n\t\t<\/div>\n\t\t\t\t\t\t<\/div>\n\t\t\t\t<\/div>\n\t\t\t\t<div class=\"elementor-element elementor-element-7739790 elementor-widget elementor-widget-text-editor\" data-id=\"7739790\" data-element_type=\"widget\" data-e-type=\"widget\" data-widget_type=\"text-editor.default\">\n\t\t\t\t<div class=\"elementor-widget-container\">\n\t\t\t\t\t\t\t\t\t<p class=\"sizeable\"><strong>Uplata na \u017eiro ra\u010dun:<\/strong><\/p><p class=\"sizeable\">Donacije mo\u017eete uplatiti na na\u0161 \u017eiro ra\u010dun SDDH op\u0107om uplatnicom, kreditnom karticom ili putem internet bankarstva. Podaci za uplatu:<\/p><p class=\"sizeable\"><strong>Primatelj<\/strong>: Savez dru\u0161tava distrofi\u010dara Hrvatske<br \/>Adresa: Nova Ves 44, Zagreb<br \/>OIB: 08465235935<br \/>IBAN:\u00a0HR9223400091110039995<br \/>Opis pla\u0107anja: Donacija<\/p><div class=\"content-text sizeable\"><p class=\"sizeable\"><strong>Donirati mo\u017eete i putem PayPala:<\/strong><\/p><\/div><p class=\"sizeable\">\u00a0<\/p>\t\t\t\t\t\t\t\t<\/div>\n\t\t\t\t<\/div>\n\t\t\t\t\t<\/div>\n\t\t<\/div>\n\t\t\t\t\t<\/div>\n\t\t<\/section>\n\t\t\t\t<section class=\"elementor-section elementor-inner-section elementor-element elementor-element-1daf71d elementor-section-boxed elementor-section-height-default elementor-section-height-default\" data-id=\"1daf71d\" data-element_type=\"section\" data-e-type=\"section\">\n\t\t\t\t\t\t<div class=\"elementor-container elementor-column-gap-default\">\n\t\t\t\t\t<div class=\"elementor-column elementor-col-100 elementor-inner-column elementor-element elementor-element-663b028\" data-id=\"663b028\" data-element_type=\"column\" data-e-type=\"column\">\n\t\t\t<div class=\"elementor-widget-wrap elementor-element-populated\">\n\t\t\t\t\t\t<div class=\"elementor-element elementor-element-1dd552c elementor-widget elementor-widget-spacer\" data-id=\"1dd552c\" data-element_type=\"widget\" data-e-type=\"widget\" data-widget_type=\"spacer.default\">\n\t\t\t\t<div class=\"elementor-widget-container\">\n\t\t\t\t\t\t\t<div class=\"elementor-spacer\">\n\t\t\t<div class=\"elementor-spacer-inner\"><\/div>\n\t\t<\/div>\n\t\t\t\t\t\t<\/div>\n\t\t\t\t<\/div>\n\t\t\t\t\t<\/div>\n\t\t<\/div>\n\t\t\t\t\t<\/div>\n\t\t<\/section>\n\t\t\t\t\t<\/div>\n\t\t<\/div>\n\t\t\t\t\t<\/div>\n\t\t<\/section>\n\t\t<div class=\"elementor-element elementor-element-467b7ae e-flex e-con-boxed e-con e-parent\" data-id=\"467b7ae\" data-element_type=\"container\" data-e-type=\"container\">\n\t\t\t\t\t<div class=\"e-con-inner\">\n\t\t<div class=\"elementor-element elementor-element-153933f e-con-full e-flex e-con e-child\" data-id=\"153933f\" data-element_type=\"container\" data-e-type=\"container\">\n\t\t\t\t<div class=\"elementor-element elementor-element-7e11103 elementor-widget elementor-widget-image\" data-id=\"7e11103\" data-element_type=\"widget\" data-e-type=\"widget\" data-widget_type=\"image.default\">\n\t\t\t\t<div class=\"elementor-widget-container\">\n\t\t\t\t\t\t\t\t\t\t\t\t\t\t\t<img decoding=\"async\" width=\"200\" height=\"113\" src=\"https:\/\/hl-dizajn.hr\/wp-content\/uploads\/2023\/12\/paypal-button.jpg\" class=\"attachment-large size-large wp-image-9342\" alt=\"\" \/>\t\t\t\t\t\t\t\t\t\t\t\t\t\t\t<\/div>\n\t\t\t\t<\/div>\n\t\t\t\t<\/div>\n\t\t<div class=\"elementor-element elementor-element-c175312 e-con-full e-flex e-con e-child\" data-id=\"c175312\" data-element_type=\"container\" data-e-type=\"container\">\n\t\t\t\t<div class=\"elementor-element elementor-element-38e10fb elementor-widget elementor-widget-image\" data-id=\"38e10fb\" data-element_type=\"widget\" data-e-type=\"widget\" data-widget_type=\"image.default\">\n\t\t\t\t<div class=\"elementor-widget-container\">\n\t\t\t\t\t\t\t\t\t\t\t\t\t\t\t<img decoding=\"async\" width=\"128\" height=\"128\" src=\"https:\/\/hl-dizajn.hr\/wp-content\/uploads\/2023\/12\/qr-code.png\" class=\"attachment-large size-large wp-image-9341\" alt=\"\" srcset=\"https:\/\/hl-dizajn.hr\/wp-content\/uploads\/2023\/12\/qr-code.png 128w, https:\/\/hl-dizajn.hr\/wp-content\/uploads\/2023\/12\/qr-code-100x100.png 100w\" sizes=\"(max-width: 128px) 100vw, 128px\" \/>\t\t\t\t\t\t\t\t\t\t\t\t\t\t\t<\/div>\n\t\t\t\t<\/div>\n\t\t\t\t<\/div>\n\t\t\t\t\t<\/div>\n\t\t\t\t<\/div>\n\t\t\t\t<section class=\"elementor-section elementor-top-section elementor-element elementor-element-19b37b7 elementor-section-full_width elementor-section-stretched elementor-section-height-default elementor-section-height-default\" data-id=\"19b37b7\" data-element_type=\"section\" data-e-type=\"section\" data-settings=\"{&quot;background_background&quot;:&quot;classic&quot;,&quot;stretch_section&quot;:&quot;section-stretched&quot;}\">\n\t\t\t\t\t\t<div class=\"elementor-container elementor-column-gap-default\">\n\t\t\t\t\t<div class=\"elementor-column elementor-col-100 elementor-top-column elementor-element elementor-element-c21b082\" data-id=\"c21b082\" data-element_type=\"column\" data-e-type=\"column\">\n\t\t\t<div class=\"elementor-widget-wrap elementor-element-populated\">\n\t\t\t\t\t\t<div class=\"elementor-element elementor-element-5a6c490 elementor-widget elementor-widget-mo-marquee\" data-id=\"5a6c490\" data-element_type=\"widget\" data-e-type=\"widget\" data-widget_type=\"mo-marquee.default\">\n\t\t\t\t<div class=\"elementor-widget-container\">\n\t\t\t\t\t<div class=\"mo-element-mo-marquee mo-element\"><div class=\"mo-marquee-container tpl3\">\n   <div class=\"mo-marquee tpl3\">\n                     <div class=\"item marquee-item\">\n               <h5 class=\"marquee-title\"><span>Hvala na donaciji<\/span><\/h5>\t\n            <\/div>\n            <\/div>\n<\/div><\/div>\t\t\t\t<\/div>\n\t\t\t\t<\/div>\n\t\t\t\t\t<\/div>\n\t\t<\/div>\n\t\t\t\t\t<\/div>\n\t\t<\/section>\n\t\t\t\t<\/div>","protected":false},"excerpt":{"rendered":"<p>Pozivamo Vas da se pridru\u017eite donatorima\u00a0Saveza dru\u0161tava distrofi\u010dara Hrvatske (SDDH) i time podr\u017eite aktivnosti koje SDDH provodi radi unapre\u0111enja \u017eivljenja osoba s mi\u0161i\u0107nom distrofijom i srodnim neuromuskularnim bolestima. SDDH se financira putem programa i projekata, samofinanciraju\u0107im djelatnostima te uz pomo\u0107 donacija i sponzorstava, a zna\u010dajan dio aktivnosti provode se volonterski. Donirana sredstva koristit \u0107e se [&hellip;]<\/p>\n","protected":false},"author":1,"featured_media":0,"parent":454,"menu_order":0,"comment_status":"closed","ping_status":"closed","template":"","meta":{"footnotes":""},"class_list":["post-1068","page","type-page","status-publish","hentry"],"yoast_head":"<!-- This site is optimized with the Yoast SEO plugin v27.3 - https:\/\/yoast.com\/product\/yoast-seo-wordpress\/ -->\n<title>Donirajte - SDDH<\/title>\n<meta name=\"robots\" content=\"index, follow, max-snippet:-1, max-image-preview:large, max-video-preview:-1\" \/>\n<link rel=\"canonical\" href=\"https:\/\/hl-dizajn.hr\/en\/pages\/o-nama\/donirajte\/\" \/>\n<meta property=\"og:locale\" content=\"en_GB\" \/>\n<meta property=\"og:type\" content=\"article\" \/>\n<meta property=\"og:title\" content=\"Donirajte - SDDH\" \/>\n<meta property=\"og:description\" content=\"Pozivamo Vas da se pridru\u017eite donatorima\u00a0Saveza dru\u0161tava distrofi\u010dara Hrvatske (SDDH) i time podr\u017eite aktivnosti koje SDDH provodi radi unapre\u0111enja \u017eivljenja osoba s mi\u0161i\u0107nom distrofijom i srodnim neuromuskularnim bolestima. SDDH se financira putem programa i projekata, samofinanciraju\u0107im djelatnostima te uz pomo\u0107 donacija i sponzorstava, a zna\u010dajan dio aktivnosti provode se volonterski. Donirana sredstva koristit \u0107e se [&hellip;]\" \/>\n<meta property=\"og:url\" content=\"https:\/\/hl-dizajn.hr\/en\/pages\/o-nama\/donirajte\/\" \/>\n<meta property=\"og:site_name\" content=\"SDDH\" \/>\n<meta property=\"article:publisher\" content=\"https:\/\/www.facebook.com\/SDDH.1970\/?_rdc=1&amp;_rdr\" \/>\n<meta property=\"article:modified_time\" content=\"2024-01-12T09:58:49+00:00\" \/>\n<meta property=\"og:image\" content=\"https:\/\/hl-dizajn.hr\/wp-content\/uploads\/2023\/12\/paypal-button.jpg\" \/>\n<meta name=\"twitter:card\" content=\"summary_large_image\" \/>\n<meta name=\"twitter:label1\" content=\"Estimated reading time\" \/>\n\t<meta name=\"twitter:data1\" content=\"1 minute\" \/>\n<script type=\"application\/ld+json\" class=\"yoast-schema-graph\">{\"@context\":\"https:\\\/\\\/schema.org\",\"@graph\":[{\"@type\":\"WebPage\",\"@id\":\"https:\\\/\\\/hl-dizajn.hr\\\/pages\\\/o-nama\\\/donirajte\\\/\",\"url\":\"https:\\\/\\\/hl-dizajn.hr\\\/pages\\\/o-nama\\\/donirajte\\\/\",\"name\":\"Donirajte - SDDH\",\"isPartOf\":{\"@id\":\"https:\\\/\\\/hl-dizajn.hr\\\/#website\"},\"primaryImageOfPage\":{\"@id\":\"https:\\\/\\\/hl-dizajn.hr\\\/pages\\\/o-nama\\\/donirajte\\\/#primaryimage\"},\"image\":{\"@id\":\"https:\\\/\\\/hl-dizajn.hr\\\/pages\\\/o-nama\\\/donirajte\\\/#primaryimage\"},\"thumbnailUrl\":\"https:\\\/\\\/hl-dizajn.hr\\\/wp-content\\\/uploads\\\/2023\\\/12\\\/paypal-button.jpg\",\"datePublished\":\"2022-04-25T21:08:35+00:00\",\"dateModified\":\"2024-01-12T09:58:49+00:00\",\"breadcrumb\":{\"@id\":\"https:\\\/\\\/hl-dizajn.hr\\\/pages\\\/o-nama\\\/donirajte\\\/#breadcrumb\"},\"inLanguage\":\"en-GB\",\"potentialAction\":[{\"@type\":\"ReadAction\",\"target\":[\"https:\\\/\\\/hl-dizajn.hr\\\/pages\\\/o-nama\\\/donirajte\\\/\"]}]},{\"@type\":\"ImageObject\",\"inLanguage\":\"en-GB\",\"@id\":\"https:\\\/\\\/hl-dizajn.hr\\\/pages\\\/o-nama\\\/donirajte\\\/#primaryimage\",\"url\":\"https:\\\/\\\/hl-dizajn.hr\\\/wp-content\\\/uploads\\\/2023\\\/12\\\/paypal-button.jpg\",\"contentUrl\":\"https:\\\/\\\/hl-dizajn.hr\\\/wp-content\\\/uploads\\\/2023\\\/12\\\/paypal-button.jpg\"},{\"@type\":\"BreadcrumbList\",\"@id\":\"https:\\\/\\\/hl-dizajn.hr\\\/pages\\\/o-nama\\\/donirajte\\\/#breadcrumb\",\"itemListElement\":[{\"@type\":\"ListItem\",\"position\":1,\"name\":\"Po\u010detna stranica\",\"item\":\"https:\\\/\\\/hl-dizajn.hr\\\/\"},{\"@type\":\"ListItem\",\"position\":2,\"name\":\"Pages\",\"item\":\"https:\\\/\\\/hl-dizajn.hr\\\/pages\\\/\"},{\"@type\":\"ListItem\",\"position\":3,\"name\":\"O nama\",\"item\":\"https:\\\/\\\/hl-dizajn.hr\\\/pages\\\/o-nama\\\/\"},{\"@type\":\"ListItem\",\"position\":4,\"name\":\"Donirajte\"}]},{\"@type\":\"WebSite\",\"@id\":\"https:\\\/\\\/hl-dizajn.hr\\\/#website\",\"url\":\"https:\\\/\\\/hl-dizajn.hr\\\/\",\"name\":\"SDDH\",\"description\":\"\",\"potentialAction\":[{\"@type\":\"SearchAction\",\"target\":{\"@type\":\"EntryPoint\",\"urlTemplate\":\"https:\\\/\\\/hl-dizajn.hr\\\/?s={search_term_string}\"},\"query-input\":{\"@type\":\"PropertyValueSpecification\",\"valueRequired\":true,\"valueName\":\"search_term_string\"}}],\"inLanguage\":\"en-GB\"}]}<\/script>\n<!-- \/ Yoast SEO plugin. -->","yoast_head_json":{"title":"Donirajte - SDDH","robots":{"index":"index","follow":"follow","max-snippet":"max-snippet:-1","max-image-preview":"max-image-preview:large","max-video-preview":"max-video-preview:-1"},"canonical":"https:\/\/hl-dizajn.hr\/en\/pages\/o-nama\/donirajte\/","og_locale":"en_GB","og_type":"article","og_title":"Donirajte - SDDH","og_description":"Pozivamo Vas da se pridru\u017eite donatorima\u00a0Saveza dru\u0161tava distrofi\u010dara Hrvatske (SDDH) i time podr\u017eite aktivnosti koje SDDH provodi radi unapre\u0111enja \u017eivljenja osoba s mi\u0161i\u0107nom distrofijom i srodnim neuromuskularnim bolestima. SDDH se financira putem programa i projekata, samofinanciraju\u0107im djelatnostima te uz pomo\u0107 donacija i sponzorstava, a zna\u010dajan dio aktivnosti provode se volonterski. Donirana sredstva koristit \u0107e se [&hellip;]","og_url":"https:\/\/hl-dizajn.hr\/en\/pages\/o-nama\/donirajte\/","og_site_name":"SDDH","article_publisher":"https:\/\/www.facebook.com\/SDDH.1970\/?_rdc=1&_rdr","article_modified_time":"2024-01-12T09:58:49+00:00","og_image":[{"url":"https:\/\/hl-dizajn.hr\/wp-content\/uploads\/2023\/12\/paypal-button.jpg","type":"","width":"","height":""}],"twitter_card":"summary_large_image","twitter_misc":{"Estimated reading time":"1 minute"},"schema":{"@context":"https:\/\/schema.org","@graph":[{"@type":"WebPage","@id":"https:\/\/hl-dizajn.hr\/pages\/o-nama\/donirajte\/","url":"https:\/\/hl-dizajn.hr\/pages\/o-nama\/donirajte\/","name":"Donirajte - SDDH","isPartOf":{"@id":"https:\/\/hl-dizajn.hr\/#website"},"primaryImageOfPage":{"@id":"https:\/\/hl-dizajn.hr\/pages\/o-nama\/donirajte\/#primaryimage"},"image":{"@id":"https:\/\/hl-dizajn.hr\/pages\/o-nama\/donirajte\/#primaryimage"},"thumbnailUrl":"https:\/\/hl-dizajn.hr\/wp-content\/uploads\/2023\/12\/paypal-button.jpg","datePublished":"2022-04-25T21:08:35+00:00","dateModified":"2024-01-12T09:58:49+00:00","breadcrumb":{"@id":"https:\/\/hl-dizajn.hr\/pages\/o-nama\/donirajte\/#breadcrumb"},"inLanguage":"en-GB","potentialAction":[{"@type":"ReadAction","target":["https:\/\/hl-dizajn.hr\/pages\/o-nama\/donirajte\/"]}]},{"@type":"ImageObject","inLanguage":"en-GB","@id":"https:\/\/hl-dizajn.hr\/pages\/o-nama\/donirajte\/#primaryimage","url":"https:\/\/hl-dizajn.hr\/wp-content\/uploads\/2023\/12\/paypal-button.jpg","contentUrl":"https:\/\/hl-dizajn.hr\/wp-content\/uploads\/2023\/12\/paypal-button.jpg"},{"@type":"BreadcrumbList","@id":"https:\/\/hl-dizajn.hr\/pages\/o-nama\/donirajte\/#breadcrumb","itemListElement":[{"@type":"ListItem","position":1,"name":"Po\u010detna stranica","item":"https:\/\/hl-dizajn.hr\/"},{"@type":"ListItem","position":2,"name":"Pages","item":"https:\/\/hl-dizajn.hr\/pages\/"},{"@type":"ListItem","position":3,"name":"O nama","item":"https:\/\/hl-dizajn.hr\/pages\/o-nama\/"},{"@type":"ListItem","position":4,"name":"Donirajte"}]},{"@type":"WebSite","@id":"https:\/\/hl-dizajn.hr\/#website","url":"https:\/\/hl-dizajn.hr\/","name":"SDDH","description":"","potentialAction":[{"@type":"SearchAction","target":{"@type":"EntryPoint","urlTemplate":"https:\/\/hl-dizajn.hr\/?s={search_term_string}"},"query-input":{"@type":"PropertyValueSpecification","valueRequired":true,"valueName":"search_term_string"}}],"inLanguage":"en-GB"}]}},"_links":{"self":[{"href":"https:\/\/hl-dizajn.hr\/en\/wp-json\/wp\/v2\/pages\/1068","targetHints":{"allow":["GET"]}}],"collection":[{"href":"https:\/\/hl-dizajn.hr\/en\/wp-json\/wp\/v2\/pages"}],"about":[{"href":"https:\/\/hl-dizajn.hr\/en\/wp-json\/wp\/v2\/types\/page"}],"author":[{"embeddable":true,"href":"https:\/\/hl-dizajn.hr\/en\/wp-json\/wp\/v2\/users\/1"}],"replies":[{"embeddable":true,"href":"https:\/\/hl-dizajn.hr\/en\/wp-json\/wp\/v2\/comments?post=1068"}],"version-history":[{"count":0,"href":"https:\/\/hl-dizajn.hr\/en\/wp-json\/wp\/v2\/pages\/1068\/revisions"}],"up":[{"embeddable":true,"href":"https:\/\/hl-dizajn.hr\/en\/wp-json\/wp\/v2\/pages\/454"}],"wp:attachment":[{"href":"https:\/\/hl-dizajn.hr\/en\/wp-json\/wp\/v2\/media?parent=1068"}],"curies":[{"name":"wp","href":"https:\/\/api.w.org\/{rel}","templated":true}]}}